{"id":2,"date":"2025-03-13T01:26:25","date_gmt":"2025-03-13T01:26:25","guid":{"rendered":"https:\/\/berninatrainline.com\/de\/?page_id=2"},"modified":"2025-04-02T15:12:58","modified_gmt":"2025-04-02T15:12:58","slug":"panoramastrecke-der-bernina-bahn","status":"publish","type":"page","link":"https:\/\/berninatrainline.com\/de\/","title":{"rendered":"Bernina Bahn-Guide &amp; Tickets"},"content":{"rendered":"\n<p><strong>\ud83d\ude82Eine majest\u00e4tische Reise durch die Schweizer Alpen\ud83c\udfd4\ufe0f<\/strong><\/p>\n\n\n\n<p>Wenn Sie auf der Suche nach unvergesslichen Momenten in atemberaubenden Landschaften sind, dann sind Sie hier genau richtig..<\/p>\n\n\n\n<p class=\"has-text-align-center\"><a class=\"maxbutton-1 maxbutton maxbutton-home\" href=\"https:\/\/gyg.me\/Gwa0Qlkx\"><span class='mb-text'>Jetzt buchen<\/span><\/a><\/p>\n\n\n\n<p>Die Bernina-Bahnlinie bietet verschiedene Reisepakete an, je nach Zeit und Budget, von verschiedenen Abfahrts- und Ankunftsorten aus, aber ausnahmslos alle machen die Reise zu einem Genuss f\u00fcr Augen und Seele. Sie werden die sch\u00f6nsten Aussichten auf die Alpen haben, von m\u00e4rchenhaften D\u00f6rfern, verschneiten Bergen, W\u00e4ldern, Seen zwischen Bergen mit m\u00e4rchenhaften Alpenh\u00e4usern.<\/p>\n\n\n\n<figure class=\"wp-block-image size-full\"><img loading=\"lazy\" decoding=\"async\" width=\"960\" height=\"640\" src=\"https:\/\/berninatrainline.com\/de\/wp-content\/uploads\/2025\/03\/From-Milan-Bernina-Train-Guided-Tour-to-St.-Moritz-1.jpg\" alt=\"\" class=\"wp-image-78\" srcset=\"https:\/\/berninatrainline.com\/de\/wp-content\/uploads\/2025\/03\/From-Milan-Bernina-Train-Guided-Tour-to-St.-Moritz-1.jpg 960w, https:\/\/berninatrainline.com\/de\/wp-content\/uploads\/2025\/03\/From-Milan-Bernina-Train-Guided-Tour-to-St.-Moritz-1-300x200.jpg 300w, https:\/\/berninatrainline.com\/de\/wp-content\/uploads\/2025\/03\/From-Milan-Bernina-Train-Guided-Tour-to-St.-Moritz-1-768x512.jpg 768w, https:\/\/berninatrainline.com\/de\/wp-content\/uploads\/2025\/03\/From-Milan-Bernina-Train-Guided-Tour-to-St.-Moritz-1-230x153.jpg 230w, https:\/\/berninatrainline.com\/de\/wp-content\/uploads\/2025\/03\/From-Milan-Bernina-Train-Guided-Tour-to-St.-Moritz-1-350x233.jpg 350w, https:\/\/berninatrainline.com\/de\/wp-content\/uploads\/2025\/03\/From-Milan-Bernina-Train-Guided-Tour-to-St.-Moritz-1-480x320.jpg 480w\" sizes=\"auto, (max-width: 960px) 100vw, 960px\" \/><\/figure>\n\n\n\n<p>Suchen Sie sich einfach Ihr Ticket nach Ihren M\u00f6glichkeiten aus und genie\u00dfen Sie eine der sch\u00f6nsten Zugfahrten der Welt<\/p>\n\n\n\n<p class=\"has-text-align-center has-medium-font-size\"><strong>Verpassen Sie nicht die Fahrt mit der Berninabahn!<\/strong><\/p>\n\n\n\n<p class=\"has-text-align-center\">                                                        <a class=\"maxbutton-1 maxbutton maxbutton-home\" href=\"https:\/\/gyg.me\/Gwa0Qlkx\"><span class='mb-text'>Jetzt buchen<\/span><\/a><\/p>\n\n\n\n<p>Begeben Sie sich auf ein unvergessliches Abenteuer an Bord der Berninabahn, einem wahren Meisterwerk der Ingenieurskunst und stolzen UNESCO-Welterbe. Diese kultige Bahnreise f\u00fchrt Sie tief in das Herz der Schweizer Alpen, wo die Gro\u00dfartigkeit der Natur in perfekter Harmonie auf den menschlichen Einfallsreichtum trifft.<\/p>\n\n\n\n<h3 class=\"wp-block-heading\"><strong>\u2728 Was macht die Bernina-Linie so besonders?<\/strong><\/h3>\n\n\n\n<p><strong>\ud83c\udf04 Spektakul\u00e4re Landschaften! Eine Reise durch das Meisterwerk der Natur<\/strong><\/p>\n\n\n\n<p>Die Bernina-Linie ist nicht einfach nur eine Zugfahrt &#8211; sie ist eine visuelle Reise durch einige der beeindruckendsten Landschaften der Welt. W\u00e4hrend der Zug m\u00fchelos durch die Schweizer Alpen gleitet, werden Sie mit einer atemberaubenden Vielfalt an Naturwundern konfrontiert. Von Gletschern, die im Sonnenlicht glitzern, \u00fcber kristallklare Bergseen bis hin zu \u00fcppig gr\u00fcnen T\u00e4lern &#8211; jede Kurve der Strecke offenbart eine neue, postkartenreife Szene.<\/p>\n\n\n\n<p>Einer der ber\u00fchmtesten Momente der Reise ist die \u00dcberquerung des Berninapasses, dem h\u00f6chsten Punkt der Strecke auf einer beeindruckenden H\u00f6he von 2.253 Metern. Hier klettert der Zug durch eine dramatische Berglandschaft und bietet einen unvergleichlichen Panoramablick auf die umliegenden Gipfel und T\u00e4ler. Die Weite der Landschaft mit ihren zerkl\u00fcfteten Felsen und weiten Ausblicken wird Sie mit Sicherheit in Erstaunen versetzen.<\/p>\n\n\n\n<p class=\"has-text-align-center\"><a class=\"maxbutton-2 maxbutton maxbutton-begin\" href=\"https:\/\/gyg.me\/Gwa0Qlkx\"><span class='mb-text'>Beginnen<\/span><\/a><\/p>\n\n\n\n<p>Beim Abstieg verwandelt sich die Landschaft erneut und offenbart bezaubernde, in T\u00e4lern gelegene D\u00f6rfer, lebendige, mit Wildblumen \u00fcbers\u00e4te Wiesen und ruhige Seen, in denen sich die hoch aufragenden Berge spiegeln. Jede Landschaft erz\u00e4hlt eine Geschichte \u00fcber die Kraft und Sch\u00f6nheit der Natur und macht diese Reise zu einem wahren Fest f\u00fcr die Sinne.<\/p>\n\n\n\n<p>Egal, ob Sie Naturliebhaber sind, sich f\u00fcr Fotografie interessieren oder einfach nur einen Moment der Ruhe und Inspiration suchen, die spektakul\u00e4ren Landschaften entlang der Berninalinie versprechen ein Erlebnis, das Sie nie vergessen werden.\ud83d\ude86<\/p>\n\n\n\n<p><strong>\ud83d\ude86 Wunder der Technik!<\/strong><\/p>\n\n\n\n<p>Die Berninalinie ist nicht nur eine Reise durch atemberaubende Landschaften, sondern auch ein Fest des menschlichen Erfindungsreichtums und der technischen Brillanz. Auf dieser legend\u00e4ren Strecke werden Sie die gewundenen Tunnel, die hoch aufragenden Viadukte und die der Schwerkraft trotzenden Kurven bestaunen, die diese Bahn zu einem wahren Triumph der Technik machen. Jede Kurve der Strecke ist ein Zeugnis f\u00fcr das K\u00f6nnen und die Entschlossenheit der Ingenieure, die dieses ehrgeizige Projekt ins Leben riefen.<\/p>\n\n\n\n<p>Einer der bemerkenswertesten H\u00f6hepunkte der Reise ist das Spiralviadukt von Brusio, ein architektonisches Juwel, das die perfekte Mischung aus Form und Funktion darstellt. Dieses beeindruckende Bauwerk erm\u00f6glicht es dem Zug, anmutig ins Tal hinabzufahren und das steile Gel\u00e4nde mit Eleganz und Pr\u00e4zision zu \u00fcberwinden. Wenn Sie das Viadukt \u00fcberqueren, werden Sie von der nahtlosen Integration von Technik und Natur fasziniert sein, wobei der Zug scheinbar durch die Luft \u00fcber die malerische Landschaft unter dem Viadukt gleitet.w.<\/p>\n\n\n\n<p class=\"has-text-align-center\"><a class=\"maxbutton-2 maxbutton maxbutton-begin\" href=\"https:\/\/gyg.me\/Gwa0Qlkx\"><span class='mb-text'>Beginnen<\/span><\/a><\/p>\n\n\n\n<p>Die Berninalinie ist nicht nur eine technische Meisterleistung. Von Tunneln, die in den Fels gehauen wurden, bis hin zu Br\u00fccken, die tiefe Schluchten \u00fcberspannen, ist jedes Element der Strecke so konzipiert, dass es mit der nat\u00fcrlichen Umgebung harmoniert und gleichzeitig eine reibungslose und sichere Fahrt gew\u00e4hrleistet. Es ist eine Erinnerung daran, wie menschliche Kreativit\u00e4t und Innovation mit der rauen Sch\u00f6nheit der Alpen koexistieren k\u00f6nnen.<\/p>\n\n\n\n<p>Egal, ob Sie ein Enthusiast der Technik sind oder einfach jemand, der unglaubliche Handwerkskunst zu sch\u00e4tzen wei\u00df, die technischen Wunderwerke der Berninalinie werden Sie in Staunen versetzen. Bei dieser Reise geht es nicht nur um das Ziel, sondern auch darum, den Erfindungsreichtum und die Visionen zu feiern, die all das m\u00f6glich gemacht haben.<\/p>\n\n\n\n<p><\/p>\n\n\n\n<p><strong>\ud83c\udf1f Ein Erlebnis f\u00fcr alle.<\/strong><\/p>\n\n\n\n<p>Die Bernina-Linie bietet ein einzigartiges und unvergessliches Erlebnis f\u00fcr jeden Reisetyp, egal ob Sie auf der Suche nach Luxus, Abenteuer oder einem eher lokalen Flair sind. Egal, wie Sie diese ikonische Strecke erkunden, atemberaubende Aussichten und unvergessliche Erinnerungen sind Ihnen garantiert.<\/p>\n\n\n\n<p>F\u00fcr diejenigen, die sich Komfort und Eleganz g\u00f6nnen m\u00f6chten, ist der Bernina Express die perfekte Wahl. Dieser luxuri\u00f6se Panoramazug verf\u00fcgt \u00fcber raumhohe Fenster, die einen ungehinderten Blick auf die atemberaubende Alpenlandschaft erm\u00f6glichen. Entspannen Sie sich in Ihrem Sitz und tauchen Sie ein in die Sch\u00f6nheit der Schweizer Alpen mit ihren Gletschern, Seen und T\u00e4lern, die sich vor Ihren Augen entfalten. Der Bernina Express ist mehr als nur eine Zugfahrt &#8211; er ist eine erstklassige Reise durch eine der spektakul\u00e4rsten Landschaften der Welt.<\/p>\n\n\n\n<p>Wenn Sie ein authentischeres und flexibleres Erlebnis bevorzugen, sind die Regionalz\u00fcge eine ausgezeichnete Option. Diese Z\u00fcge halten an allen Bahnh\u00f6fen entlang der Strecke und erm\u00f6glichen es Ihnen, charmante D\u00f6rfer, versteckte Kleinode und lokale Sehensw\u00fcrdigkeiten in Ihrem eigenen Tempo zu erkunden. Ob Sie in der N\u00e4he des Morteratschgletschers wandern, durch die Strassen von Poschiavo schlendern oder einfach ein gem\u00fctliches Mittagessen am Poschiavo-See geniessen m\u00f6chten, die Regionalz\u00fcge geben Ihnen die Freiheit, Ihr eigenes Abenteuer zu gestalten.<\/p>\n\n\n\n<p>Ganz gleich, f\u00fcr welche Variante Sie sich entscheiden, die Bernina-Linie bietet f\u00fcr jeden Reisestil und jede Vorliebe das Richtige. Es ist eine Reise, die Sie einl\u00e4dt, die Sch\u00f6nheit der Alpen auf eine pers\u00f6nliche und sinnvolle Weise zu erleben. Ganz gleich, ob Sie Luxus suchen, ein unerschrockener Entdecker oder ein neugieriger Reisender sind, die Bernina Line verspricht ein Erlebnis, das perfekt auf Sie zugeschnitten ist.<\/p>\n\n\n\n<h3 class=\"wp-block-heading\"><strong>\ud83c\udf1f Die besten Reisetipps<\/strong><\/h3>\n\n\n\n<p>\u2714<strong>Fr\u00fch buchen<\/strong> &#8211; Tickets f\u00fcr die Hauptsaison sind schnell ausverkauft, also sichern Sie sich Ihren Platz im Voraus.<br><strong>\u2714 Nehmen Sie einen Fensterplatz ein<\/strong> &#8211; f\u00fcr die beste Aussicht und Fotom\u00f6glichkeiten.<br>\u2714<strong> Packen Sie eine Kamera ein <\/strong>&#8211; Sie werden jeden atemberaubenden Moment festhalten wollen.<br>\u2714 <strong>Ziehen Sie sich schichtweise an<\/strong> &#8211; Die Temperaturen k\u00f6nnen entlang der Strecke stark schwanken.<\/p>\n\n\n\n<h3 class=\"wp-block-heading\"><strong>\ud83c\udf0d Highlights, die man gesehen haben muss<\/strong><\/h3>\n\n\n\n<p>\ud83c\udf0a <strong>Lago Bianco<\/strong>, Ein atemberaubender t\u00fcrkisfarbener See umrahmt von schneebedeckten Gipfeln.<br>\u2744\ufe0f <strong>Morteratsch Glacier<\/strong>,Eine atemberaubende Eisfl\u00e4che, ein wahres Naturwunder.<br>\ud83c\udfe1 <strong>Poschiavo<\/strong>, Eine malerische Stadt mit italienischem Charme, ideal f\u00fcr einen kurzen Zwischenstopp.<\/p>\n\n\n\n<p>Die <strong>Bernina-Linie<\/strong> ist mehr als nur eine Zugfahrt &#8211; es ist eine Reise f\u00fcrs Leben, die Sie in die raue, ungez\u00e4hmte Sch\u00f6nheit der Schweizer Alpen eintauchen l\u00e4sst.<\/p>\n\n\n\n<p>\ud83c\udf1f <strong>Warten Sie nicht &#8211; buchen Sie jetzt Ihre Tickets und erleben Sie den Zauber des Bernina Express!<\/strong> \ud83c\udf1f<\/p>\n\n\n\n<p><\/p>\n\n\n\n<p><strong>\ud83d\ude82 Vollst\u00e4ndige Liste der wichtigsten Bahnh\u00f6fe auf der Berninalinie \ud83c\udfd4\ufe0f<\/strong><\/p>\n\n\n\n<p>Die <strong>Berninastrecke <\/strong>ist als eine der sch\u00f6nsten Bahnstrecken der Welt bekannt. W\u00e4hrend der Bernina Express nur an ausgew\u00e4hlten Stationen an den atemberaubendsten Orten h\u00e4lt, bieten die Regionalz\u00fcge ein flexibleres Erlebnis und halten an allen Bahnh\u00f6fen entlang der Strecke. Hier finden Sie eine detaillierte Aufschl\u00fcsselung der wichtigsten Bahnh\u00f6fe, die Sie auf dieser unvergesslichen Reise anfahren werden:<\/p>\n\n\n\n<p class=\"has-text-align-center\"><a class=\"maxbutton-1 maxbutton maxbutton-home\" href=\"https:\/\/gyg.me\/Gwa0Qlkx\"><span class='mb-text'>Jetzt buchen<\/span><\/a><\/p>\n\n\n\n<h3 class=\"wp-block-heading\"><strong>\ud83c\udf1f Wichtige Haltestellen auf der Berninalinie<\/strong><\/h3>\n\n\n\n<p>\ud83d\ude89 <strong>Chur<\/strong><\/p>\n\n\n\n<ul class=\"wp-block-list\">\n<li><strong>Die \u00e4lteste Stadt der Schweiz <\/strong>ist ein h\u00e4ufiger Ausgangspunkt f\u00fcr l\u00e4ngere Fahrten mit dem Bernina Express.<\/li>\n\n\n\n<li>Eine charmante Mischung aus <strong>Geschichte<\/strong>, <strong>Kultur<\/strong> und alpiner Landschaft.<\/li>\n<\/ul>\n\n\n\n<p>\ud83c\udfd4\ufe0f <strong>St. Moritz<\/strong><\/p>\n\n\n\n<ul class=\"wp-block-list\">\n<li>Ein <strong>weltbekannter Luxus-Alpenort<\/strong> und ein wichtiger Ausgangspunkt f\u00fcr viele Abenteuer der Bernina Line.<\/li>\n\n\n\n<li>Perfect Perfekt f\u00fcr alle, die <strong>Glamour und nat\u00fcrliche<\/strong> Sch\u00f6nheit suchen.<\/li>\n<\/ul>\n\n\n\n<p>\ud83c\udf32 <strong>Pontresina<\/strong><\/p>\n\n\n\n<ul class=\"wp-block-list\">\n<li>Ein <strong>malerisches Dorf<\/strong>, umgeben von hoch aufragenden Bergen.<\/li>\n\n\n\n<li>Beliebt f\u00fcr <strong>Outdoor-Aktivit\u00e4ten wie Wandern<\/strong>, Skifahren und Schneeschuhwandern.<\/li>\n<\/ul>\n\n\n\n<p>\u2744\ufe0f <strong>Morteratsch<\/strong><\/p>\n\n\n\n<ul class=\"wp-block-list\">\n<li>In der N\u00e4he des <strong>Morteratschgletschers gelegen<\/strong>, einem der am besten zug\u00e4nglichen Gletscher der Alpen.<\/li>\n\n\n\n<li>Atemberaubende <strong>Atemberaubende Aussichten<\/strong> auf Eisformationen und schroffe Berglandschaften. und schroffe Berglandschaften.<\/li>\n<\/ul>\n\n\n\n<p>\ud83d\udea0 <strong>Bernina Lagalb<\/strong><\/p>\n\n\n\n<ul class=\"wp-block-list\">\n<li>Eine Station, die Zugang zur <strong>Lagalb bietet<\/strong>, einem Hotspot f\u00fcr<strong> Ski- und Wanderbegeisterte<\/strong>..<\/li>\n<\/ul>\n\n\n\n<p>\ud83c\udfd4\ufe0f <strong>Ospizio Bernina<\/strong><\/p>\n\n\n\n<ul class=\"wp-block-list\">\n<li>die <strong>h\u00f6chstgelegene Station<\/strong> der Berninabahn auf 2.253 Metern.<\/li>\n\n\n\n<li>Direkt am <strong>wundersch\u00f6nen Lago Bianco<\/strong>, einem t\u00fcrkisfarbenen Alpensee, gelegen.<\/li>\n<\/ul>\n\n\n\n<p>\ud83d\udcf8 <strong>Alp Gr\u00fcm<\/strong><\/p>\n\n\n\n<ul class=\"wp-block-list\">\n<li>Ein <strong>malerischer Halt <\/strong>mit atemberaubendem Panoramablick auf den Pal\u00fc-Gletscher und das darunter liegende Tal.<\/li>\n\n\n\n<li>Ein <strong>Paradies f\u00fcr Fotografen<\/strong>, um postkartenw\u00fcrdige Aufnahmen zu machen.<\/li>\n<\/ul>\n\n\n\n<p>\ud83c\udf00 <strong>Cavaglia<\/strong><\/p>\n\n\n\n<ul class=\"wp-block-list\">\n<li>Das Tor zu den <strong>T\u00f6pfen der Riesen<\/strong>, einer beeindruckenden nat\u00fcrlichen Formation aus Gletscherm\u00fchlen.<\/li>\n\n\n\n<li>Ein faszinierender Halt <strong>f\u00fcr Naturliebhabe<\/strong>r.<\/li>\n<\/ul>\n\n\n\n<p>\ud83c\uddee\ud83c\uddf9 <strong>Poschiavo<\/strong><\/p>\n\n\n\n<ul class=\"wp-block-list\">\n<li>Eine <strong>charmante italienischsprachige<\/strong> Stadt mit einer einzigartigen Mischung aus <strong>Schweizer und italienischer Kultur.<\/strong><\/li>\n\n\n\n<li>Sie ist bekannt f\u00fcr ihr <strong>historisches Stadtzentrum<\/strong>, ihre lebhaften Pl\u00e4tze und ihre k\u00f6stliche lokale K\u00fcche.<\/li>\n<\/ul>\n\n\n\n<p>\ud83c\udfde\ufe0f <strong>Le Prese<\/strong><\/p>\n\n\n\n<ul class=\"wp-block-list\">\n<li>Ein ruhiges <strong>Dorf am Ufer des Poschiavo-Sees<\/strong>, ideal f\u00fcr Entspannung und Spazierg\u00e4nge am See.<\/li>\n<\/ul>\n\n\n\n<p>\ud83c\udf04 <strong>Li Curt<\/strong><\/p>\n\n\n\n<ul class=\"wp-block-list\">\n<li>Ein kleines, <strong>malerisches Dorf<\/strong> im malerischen <strong>Poschiavo-Tal.<\/strong><\/li>\n<\/ul>\n\n\n\n<p>\ud83d\udd04 <strong>Brusio<\/strong><\/p>\n\n\n\n<ul class=\"wp-block-list\">\n<li>Heimat des <strong>ikonischen Spiralviadukts<\/strong> von Brusio, einem Wunderwerk der Eisenbahntechnik.<\/li>\n\n\n\n<li>Eines der <strong>meistfotografierten Wahrzeichen<\/strong> der Strecke.<\/li>\n<\/ul>\n\n\n\n<p>\ud83d\ude86 <strong>Tirano<\/strong><\/p>\n\n\n\n<ul class=\"wp-block-list\">\n<li>Die <strong>s\u00fcdliche Endstation<\/strong> der Berninabahn in Italien.<\/li>\n\n\n\n<li>Eine pulsierende Stadt, in der <strong>Schweizer Pr\u00e4zision auf italienischen Charme trifft<\/strong>.<\/li>\n<\/ul>\n\n\n\n<h3 class=\"wp-block-heading\"><strong>\ud83c\udf1f Wichtige Reisetipps<\/strong><\/h3>\n\n\n\n<p>\u2705 Regionalz\u00fcge <strong>halten an allen Bahnh\u00f6fen<\/strong> und bieten ein flexibleres und intensiveres Erlebnis.<br>\u2705 Der <strong>Bernina Express<\/strong> konzentriert sich auf landschaftlich reizvolle Haltestellen, ideal f\u00fcr alle, die wenig Zeit haben.<br>\u2705 Pr\u00fcfen Sie immer den offiziellen<strong> Fahrplan der Rh\u00e4tischen Bahn (RhB)<\/strong> f\u00fcr die neuesten Fahrpl\u00e4ne und Aktualisierungen.<\/p>\n\n\n\n<p>Egal, ob Sie mit dem <strong>Bernina Express fahren<\/strong>, um die Landschaft zu genie\u00dfen, oder ob Sie auf Regionalz\u00fcge umsteigen, um sie in Ihrem eigenen Tempo zu erkunden &#8211; diese Reise verspricht unvergessliche Landschaften, kulturelle Sch\u00e4tze und technische Wunder auf Schritt und Tritt.. \ud83d\ude86\u2728<\/p>\n\n\n\n<p><strong>Buchen Sie jetzt Ihre Tickets und machen Sie sich bereit f\u00fcr das Abenteuer Ihres Lebens!<\/strong> \ud83c\udf1f<\/p>\n\n\n\n<p class=\"has-text-align-center\"><a class=\"maxbutton-1 maxbutton maxbutton-home\" href=\"https:\/\/gyg.me\/Gwa0Qlkx\"><span class='mb-text'>Jetzt buchen<\/span><\/a><\/p>\n","protected":false},"excerpt":{"rendered":"<p>\ud83d\ude82Eine majest\u00e4tische Reise durch die Schweizer Alpen\ud83c\udfd4\ufe0f Wenn Sie auf der Suche nach unvergesslichen Momenten in atemberaubenden Landschaften sind, dann sind Sie [&hellip;]<\/p>\n","protected":false},"author":1,"featured_media":0,"parent":0,"menu_order":0,"comment_status":"closed","ping_status":"closed","template":"","meta":{"pagelayer_contact_templates":[],"_pagelayer_content":"","footnotes":""},"class_list":["post-2","page","type-page","status-publish","hentry"],"_links":{"self":[{"href":"https:\/\/berninatrainline.com\/de\/wp-json\/wp\/v2\/pages\/2","targetHints":{"allow":["GET"]}}],"collection":[{"href":"https:\/\/berninatrainline.com\/de\/wp-json\/wp\/v2\/pages"}],"about":[{"href":"https:\/\/berninatrainline.com\/de\/wp-json\/wp\/v2\/types\/page"}],"author":[{"embeddable":true,"href":"https:\/\/berninatrainline.com\/de\/wp-json\/wp\/v2\/users\/1"}],"replies":[{"embeddable":true,"href":"https:\/\/berninatrainline.com\/de\/wp-json\/wp\/v2\/comments?post=2"}],"version-history":[{"count":46,"href":"https:\/\/berninatrainline.com\/de\/wp-json\/wp\/v2\/pages\/2\/revisions"}],"predecessor-version":[{"id":435,"href":"https:\/\/berninatrainline.com\/de\/wp-json\/wp\/v2\/pages\/2\/revisions\/435"}],"wp:attachment":[{"href":"https:\/\/berninatrainline.com\/de\/wp-json\/wp\/v2\/media?parent=2"}],"curies":[{"name":"wp","href":"https:\/\/api.w.org\/{rel}","templated":true}]}}