{"id":85,"date":"2025-03-15T02:27:30","date_gmt":"2025-03-15T02:27:30","guid":{"rendered":"https:\/\/berninatrainline.com\/de\/?page_id=85"},"modified":"2025-04-02T15:12:06","modified_gmt":"2025-04-02T15:12:06","slug":"bernina-express","status":"publish","type":"page","link":"https:\/\/berninatrainline.com\/de\/bernina-express\/","title":{"rendered":"Bernina Express-Guide &#038; Tickets"},"content":{"rendered":"\n<p><strong>Bernina Express: Eine Traumreise durch die Schweizer Alpen<\/strong><\/p>\n\n\n\n<p>Der <strong>Bernina Express<\/strong> ist mehr als nur eine Zugfahrt &#8211; er ist ein unvergessliches Erlebnis, das Sie durch einige der atemberaubendsten Landschaften der Welt f\u00fchrt. <strong>Dieser kultige Panoramazug, der von der UNESCO<\/strong> zum <strong>Weltkulturerbe<\/strong> erkl\u00e4rt wurde, bietet eine magische Reise, die nat\u00fcrliche Sch\u00f6nheit, technische Brillanz und kulturellen Charme nahtlos miteinander verbindet. Von den schneebedeckten Gipfeln der Schweizer Alpen bis zu den sonnenverw\u00f6hnten T\u00e4lern Norditaliens &#8211; der Bernina Express ist ein Abenteuer, das Reisende aus aller Welt in seinen Bann zieht.<\/p>\n\n\n\n<p>Der <strong>Zug beginnt in Chur<\/strong>, der \u00e4ltesten Stadt der Schweiz, oder im luxuri\u00f6sen <strong>Alpenort St. Moritz<\/strong> und schl\u00e4ngelt sich durch dramatische Bergp\u00e4sse, Gletschert\u00e4ler und malerische D\u00f6rfer. Die Reise gipfelt in Tirano, Italien, einer lebendigen Stadt, in der Schweizer Pr\u00e4zision auf italienisches Flair trifft. Unterwegs erleben Sie eine atemberaubende Vielfalt an Landschaften, von hoch aufragenden Gletschern und t\u00fcrkisfarbenen Seen bis hin zu saftigen Wiesen und charmanten D\u00f6rfern.<\/p>\n\n\n\n<p>Was den<strong> Bernina Express <\/strong>auszeichnet, ist seine F\u00e4higkeit, Sie in die raue Sch\u00f6nheit der Alpen eintauchen zu lassen und gleichzeitig unvergleichlichen Komfort und Bequemlichkeit zu bieten. Die gro\u00dfen Panoramafenster des Zuges sorgen daf\u00fcr, dass jeder Sitz ein Fensterplatz ist, so dass Sie die atemberaubende Landschaft genie\u00dfen k\u00f6nnen, ohne ein einziges Detail zu verpassen. Ob Sie nun Naturliebhaber, Fotofreak oder einfach nur jemand sind, der einen Moment der Ruhe sucht, der Bernina Express verspricht ein Erlebnis, das Ihnen noch lange nach der Fahrt in Erinnerung bleiben wird.<\/p>\n\n\n\n<p>Dies ist nicht einfach nur eine <strong>Zugfahrt<\/strong> &#8211; es ist ein Fest der Natur, der Kultur und des menschlichen Erfindungsreichtums. Es ist eine Reise, die Sie dazu einl\u00e4dt, langsamer zu werden, die frische Bergluft einzuatmen und die Wunder der Welt zu bestaunen. Der<strong> Bernina Express<\/strong> ist wahrlich eine Traumreise durch die Schweizer Alpen, und er wartet darauf, dass Sie an Bord gehen.<\/p>\n\n\n\n<p><\/p>\n\n\n\n<figure class=\"wp-block-gallery has-nested-images columns-default is-cropped wp-block-gallery-1 is-layout-flex wp-block-gallery-is-layout-flex\">\n<figure class=\"wp-block-image size-large\"><img loading=\"lazy\" decoding=\"async\" width=\"960\" height=\"640\" data-id=\"99\" src=\"https:\/\/berninatrainline.com\/de\/wp-content\/uploads\/2025\/03\/Bernina-express-landscape-2.jpg\" alt=\"\" class=\"wp-image-99\" srcset=\"https:\/\/berninatrainline.com\/de\/wp-content\/uploads\/2025\/03\/Bernina-express-landscape-2.jpg 960w, https:\/\/berninatrainline.com\/de\/wp-content\/uploads\/2025\/03\/Bernina-express-landscape-2-300x200.jpg 300w, https:\/\/berninatrainline.com\/de\/wp-content\/uploads\/2025\/03\/Bernina-express-landscape-2-768x512.jpg 768w, https:\/\/berninatrainline.com\/de\/wp-content\/uploads\/2025\/03\/Bernina-express-landscape-2-230x153.jpg 230w, https:\/\/berninatrainline.com\/de\/wp-content\/uploads\/2025\/03\/Bernina-express-landscape-2-350x233.jpg 350w, https:\/\/berninatrainline.com\/de\/wp-content\/uploads\/2025\/03\/Bernina-express-landscape-2-480x320.jpg 480w\" sizes=\"auto, (max-width: 960px) 100vw, 960px\" \/><\/figure>\n\n\n\n<figure class=\"wp-block-image size-large\"><img loading=\"lazy\" decoding=\"async\" width=\"960\" height=\"640\" data-id=\"100\" src=\"https:\/\/berninatrainline.com\/de\/wp-content\/uploads\/2025\/03\/Bernina-express-station-1.jpg\" alt=\"\" class=\"wp-image-100\" srcset=\"https:\/\/berninatrainline.com\/de\/wp-content\/uploads\/2025\/03\/Bernina-express-station-1.jpg 960w, https:\/\/berninatrainline.com\/de\/wp-content\/uploads\/2025\/03\/Bernina-express-station-1-300x200.jpg 300w, https:\/\/berninatrainline.com\/de\/wp-content\/uploads\/2025\/03\/Bernina-express-station-1-768x512.jpg 768w, https:\/\/berninatrainline.com\/de\/wp-content\/uploads\/2025\/03\/Bernina-express-station-1-230x153.jpg 230w, https:\/\/berninatrainline.com\/de\/wp-content\/uploads\/2025\/03\/Bernina-express-station-1-350x233.jpg 350w, https:\/\/berninatrainline.com\/de\/wp-content\/uploads\/2025\/03\/Bernina-express-station-1-480x320.jpg 480w\" sizes=\"auto, (max-width: 960px) 100vw, 960px\" \/><\/figure>\n\n\n\n<figure class=\"wp-block-image size-large\"><img loading=\"lazy\" decoding=\"async\" width=\"960\" height=\"640\" data-id=\"101\" src=\"https:\/\/berninatrainline.com\/de\/wp-content\/uploads\/2025\/03\/Bernina-express-interior.jpg\" alt=\"\" class=\"wp-image-101\" srcset=\"https:\/\/berninatrainline.com\/de\/wp-content\/uploads\/2025\/03\/Bernina-express-interior.jpg 960w, https:\/\/berninatrainline.com\/de\/wp-content\/uploads\/2025\/03\/Bernina-express-interior-300x200.jpg 300w, https:\/\/berninatrainline.com\/de\/wp-content\/uploads\/2025\/03\/Bernina-express-interior-768x512.jpg 768w, https:\/\/berninatrainline.com\/de\/wp-content\/uploads\/2025\/03\/Bernina-express-interior-230x153.jpg 230w, https:\/\/berninatrainline.com\/de\/wp-content\/uploads\/2025\/03\/Bernina-express-interior-350x233.jpg 350w, https:\/\/berninatrainline.com\/de\/wp-content\/uploads\/2025\/03\/Bernina-express-interior-480x320.jpg 480w\" sizes=\"auto, (max-width: 960px) 100vw, 960px\" \/><\/figure>\n<\/figure>\n\n\n\n<p class=\"has-text-align-center\"><a class=\"maxbutton-1 maxbutton maxbutton-home\" href=\"https:\/\/gyg.me\/Gwa0Qlkx\"><span class='mb-text'>Jetzt buchen<\/span><\/a><\/p>\n\n\n\n<h3 class=\"wp-block-heading\"><strong>\u2728 Was macht die Bernina Express so speziell?<\/strong><\/h3>\n\n\n\n<p>\ud83c\udf04 <strong>Beeindruckende Panoramablicke<\/strong><\/p>\n\n\n\n<ul class=\"wp-block-list\">\n<li>Genie\u00dfen <strong>Sie durch die grossen Panoramafenster<\/strong> des Zuges ununterbrochene Ausblicke auf <strong>majest\u00e4tische Gletscher<\/strong>, kristallklare Seen, \u00fcppige T\u00e4ler und charmante Alpend\u00f6rfer.<\/li>\n\n\n\n<li>Erreichen Sie den h\u00f6chsten Punkt der Reise am<strong> Ospizio Bernina (2.253 <\/strong>m), wo Sie von der atemberaubenden Landschaft fasziniert sein werden.<\/li>\n<\/ul>\n\n\n\n<p>\ud83d\ude86 <strong>Ein Wunderwerk der Bahntechnik<\/strong><\/p>\n\n\n\n<ul class=\"wp-block-list\">\n<li>Die <strong>Berninalinie ist ein Meisterwerk der Eisenbahntechnik<\/strong>, das Tunnels, Viadukte und Kurven nahtlos in die Naturlandschaft integriert.<\/li>\n\n\n\n<li>Das <strong>Spiralviadukt von Brusio<\/strong> ist ein Paradebeispiel f\u00fcr eine geniale Konstruktion, mit der das steile Gel\u00e4nde elegant \u00fcberwunden werden kann.<\/li>\n<\/ul>\n\n\n\n<p>\ud83d\udecb\ufe0f <strong>Komfort und Dienstleistungen an Bord<\/strong><\/p>\n\n\n\n<ul class=\"wp-block-list\">\n<li>Reisen Sie in modernen,<strong> komfortablen Reisebussen<\/strong>, die f\u00fcr eine reibungslose und entspannte Fahrt sorgen.<\/li>\n\n\n\n<li>Genie\u00dfen <strong>Sie informative Audioguides<\/strong>, die Ihnen die wichtigsten Sehensw\u00fcrdigkeiten und historischen Einblicke vermitteln.<\/li>\n<\/ul>\n\n\n\n<p>\ud83c\udf0d <strong>Eine magische Reise von der Schweiz nach Italien<\/strong><\/p>\n\n\n\n<ul class=\"wp-block-list\">\n<li>Reisen Sie von den <strong>Schweizer Alpen in die italienische Stadt Tirano<\/strong>, wo Sie die charmanten Stra\u00dfen und die authentische italienische K\u00fcche erkunden k\u00f6nnen.<\/li>\n<\/ul>\n\n\n\n\n\n<h3 class=\"wp-block-heading\"><strong>\ud83c\udf1f Top-Reisetipps<\/strong><\/h3>\n\n\n\n<p>\u2705 <strong>Buchen Sie im Voraus<\/strong> &#8211; Tickets f\u00fcr die Hochsaison sind schnell ausverkauft.<br>\u2705 <strong>W\u00e4hlen Sie einen Fensterplatz <\/strong>&#8211; Maximieren Sie Ihren Blick auf die atemberaubende Landschaft.<br>\u2705 <strong>Bringen Sie eine Kamera mit<\/strong> &#8211; halten Sie unvergessliche Momente fest.<br>\u2705 <strong>Ziehen Sie sich schichtweise an <\/strong>&#8211; die Temperaturen k\u00f6nnen w\u00e4hrend der Reise schwanken.<\/p>\n\n\n\n<h3 class=\"wp-block-heading\"><strong>\ud83c\udf0d Highlights, die man gesehen haben muss<\/strong><\/h3>\n\n\n\n<p>\ud83c\udf0a <strong>Lago Bianco<\/strong> &#8211; Ein t\u00fcrkisfarbener Alpensee, umgeben von majest\u00e4tischen Gipfeln.<br>\u2744\ufe0f <strong>Morteratschgletscher<\/strong> &#8211; Eine markante Gletscherformation mit atemberaubender Aussicht.<br>\ud83c\udfe1 <strong>Poschiavo<\/strong> &#8211; Ein malerisches italienischsprachiges St\u00e4dtchen mit historischem Charme.<br>\ud83d\udd04 <strong>Spiralviadukt von Brusio<\/strong> &#8211; ein beeindruckendes Meisterwerk der Eisenbahntechnik.<\/p>\n\n\n\n<figure class=\"wp-block-gallery has-nested-images columns-default is-cropped wp-block-gallery-2 is-layout-flex wp-block-gallery-is-layout-flex\">\n<figure class=\"wp-block-image size-large\"><img loading=\"lazy\" decoding=\"async\" width=\"1024\" height=\"682\" data-id=\"164\" src=\"https:\/\/berninatrainline.com\/de\/wp-content\/uploads\/2025\/03\/Bernina-train-line-snow-houses-1024x682.webp\" alt=\"\" class=\"wp-image-164\" srcset=\"https:\/\/berninatrainline.com\/de\/wp-content\/uploads\/2025\/03\/Bernina-train-line-snow-houses-1024x682.webp 1024w, https:\/\/berninatrainline.com\/de\/wp-content\/uploads\/2025\/03\/Bernina-train-line-snow-houses-300x200.webp 300w, https:\/\/berninatrainline.com\/de\/wp-content\/uploads\/2025\/03\/Bernina-train-line-snow-houses-768x511.webp 768w, https:\/\/berninatrainline.com\/de\/wp-content\/uploads\/2025\/03\/Bernina-train-line-snow-houses-1000x666.webp 1000w, https:\/\/berninatrainline.com\/de\/wp-content\/uploads\/2025\/03\/Bernina-train-line-snow-houses-230x153.webp 230w, https:\/\/berninatrainline.com\/de\/wp-content\/uploads\/2025\/03\/Bernina-train-line-snow-houses-350x233.webp 350w, https:\/\/berninatrainline.com\/de\/wp-content\/uploads\/2025\/03\/Bernina-train-line-snow-houses-480x320.webp 480w, https:\/\/berninatrainline.com\/de\/wp-content\/uploads\/2025\/03\/Bernina-train-line-snow-houses.webp 1502w\" sizes=\"auto, (max-width: 1024px) 100vw, 1024px\" \/><\/figure>\n\n\n\n<figure class=\"wp-block-image size-large\"><img loading=\"lazy\" decoding=\"async\" width=\"1024\" height=\"462\" data-id=\"168\" src=\"https:\/\/berninatrainline.com\/de\/wp-content\/uploads\/2025\/03\/Aboard-the-Bernina-Express-train-1024x462.png\" alt=\"\" class=\"wp-image-168\" srcset=\"https:\/\/berninatrainline.com\/de\/wp-content\/uploads\/2025\/03\/Aboard-the-Bernina-Express-train-1024x462.png 1024w, https:\/\/berninatrainline.com\/de\/wp-content\/uploads\/2025\/03\/Aboard-the-Bernina-Express-train-300x135.png 300w, https:\/\/berninatrainline.com\/de\/wp-content\/uploads\/2025\/03\/Aboard-the-Bernina-Express-train-768x347.png 768w, https:\/\/berninatrainline.com\/de\/wp-content\/uploads\/2025\/03\/Aboard-the-Bernina-Express-train-1000x451.png 1000w, https:\/\/berninatrainline.com\/de\/wp-content\/uploads\/2025\/03\/Aboard-the-Bernina-Express-train-230x104.png 230w, https:\/\/berninatrainline.com\/de\/wp-content\/uploads\/2025\/03\/Aboard-the-Bernina-Express-train-350x158.png 350w, https:\/\/berninatrainline.com\/de\/wp-content\/uploads\/2025\/03\/Aboard-the-Bernina-Express-train-480x217.png 480w, https:\/\/berninatrainline.com\/de\/wp-content\/uploads\/2025\/03\/Aboard-the-Bernina-Express-train.png 1405w\" sizes=\"auto, (max-width: 1024px) 100vw, 1024px\" \/><\/figure>\n<\/figure>\n\n\n\n<hr class=\"wp-block-separator has-alpha-channel-opacity\"\/>\n\n\n\n<p>Der <strong>Bernina Express<\/strong> ist mehr als nur eine Zugfahrt &#8211; er ist ein Abenteuer, das Sie mit der Natur verbindet und Ihnen unvergessliche Erinnerungen beschert. \ud83d\ude86\u2728<\/p>\n\n\n\n<p class=\"has-text-align-center\"><strong>Buchen Sie jetzt Ihre Tickets und begeben Sie sich auf die Reise Ihres Lebens!<\/strong> \ud83c\udf1f<\/p>\n\n\n\n<p class=\"has-text-align-center\"><a class=\"maxbutton-1 maxbutton maxbutton-home\" href=\"https:\/\/gyg.me\/Gwa0Qlkx\"><span class='mb-text'>Jetzt buchen<\/span><\/a><\/p>\n\n\n\n<hr class=\"wp-block-separator has-alpha-channel-opacity\"\/>\n\n\n\n<p><\/p>\n","protected":false},"excerpt":{"rendered":"<p>Bernina Express: Eine Traumreise durch die Schweizer Alpen Der Bernina Express ist mehr als nur eine Zugfahrt &#8211; er ist ein unvergessliches [&hellip;]<\/p>\n","protected":false},"author":1,"featured_media":0,"parent":0,"menu_order":0,"comment_status":"closed","ping_status":"closed","template":"","meta":{"pagelayer_contact_templates":[],"_pagelayer_content":"","footnotes":""},"class_list":["post-85","page","type-page","status-publish","hentry"],"_links":{"self":[{"href":"https:\/\/berninatrainline.com\/de\/wp-json\/wp\/v2\/pages\/85","targetHints":{"allow":["GET"]}}],"collection":[{"href":"https:\/\/berninatrainline.com\/de\/wp-json\/wp\/v2\/pages"}],"about":[{"href":"https:\/\/berninatrainline.com\/de\/wp-json\/wp\/v2\/types\/page"}],"author":[{"embeddable":true,"href":"https:\/\/berninatrainline.com\/de\/wp-json\/wp\/v2\/users\/1"}],"replies":[{"embeddable":true,"href":"https:\/\/berninatrainline.com\/de\/wp-json\/wp\/v2\/comments?post=85"}],"version-history":[{"count":16,"href":"https:\/\/berninatrainline.com\/de\/wp-json\/wp\/v2\/pages\/85\/revisions"}],"predecessor-version":[{"id":433,"href":"https:\/\/berninatrainline.com\/de\/wp-json\/wp\/v2\/pages\/85\/revisions\/433"}],"wp:attachment":[{"href":"https:\/\/berninatrainline.com\/de\/wp-json\/wp\/v2\/media?parent=85"}],"curies":[{"name":"wp","href":"https:\/\/api.w.org\/{rel}","templated":true}]}}